{"id":1842,"date":"2023-08-22T18:45:28","date_gmt":"2023-08-22T21:45:28","guid":{"rendered":"https:\/\/jgadvisorycpa.com\/informacion\/"},"modified":"2023-11-16T16:04:51","modified_gmt":"2023-11-16T19:04:51","slug":"informacion","status":"publish","type":"page","link":"https:\/\/jgadvisorycpa.com\/es\/informacion\/","title":{"rendered":"Informaci\u00f3n"},"content":{"rendered":"\t\t<div data-elementor-type=\"wp-page\" data-elementor-id=\"1842\" class=\"elementor elementor-1842 elementor-20\">\n\t\t\t\t\t\t<section data-particle_enable=\"false\" data-particle-mobile-disabled=\"false\" class=\"elementor-section elementor-top-section elementor-element elementor-element-719d666 elementor-section-boxed elementor-section-height-default elementor-section-height-default\" data-id=\"719d666\" data-element_type=\"section\" data-settings=\"{&quot;background_background&quot;:&quot;classic&quot;}\">\n\t\t\t\t\t\t<div class=\"elementor-container elementor-column-gap-default\">\n\t\t\t\t\t<div class=\"elementor-column elementor-col-100 elementor-top-column elementor-element elementor-element-d5100d7\" data-id=\"d5100d7\" data-element_type=\"column\">\n\t\t\t<div class=\"elementor-widget-wrap elementor-element-populated\">\n\t\t\t\t\t\t<div class=\"elementor-element elementor-element-4de719d elementor-widget elementor-widget-spacer\" data-id=\"4de719d\" data-element_type=\"widget\" data-widget_type=\"spacer.default\">\n\t\t\t\t<div class=\"elementor-widget-container\">\n\t\t\t<style>\/*! elementor - v3.21.0 - 08-05-2024 *\/\n.elementor-column .elementor-spacer-inner{height:var(--spacer-size)}.e-con{--container-widget-width:100%}.e-con-inner>.elementor-widget-spacer,.e-con>.elementor-widget-spacer{width:var(--container-widget-width,var(--spacer-size));--align-self:var(--container-widget-align-self,initial);--flex-shrink:0}.e-con-inner>.elementor-widget-spacer>.elementor-widget-container,.e-con>.elementor-widget-spacer>.elementor-widget-container{height:100%;width:100%}.e-con-inner>.elementor-widget-spacer>.elementor-widget-container>.elementor-spacer,.e-con>.elementor-widget-spacer>.elementor-widget-container>.elementor-spacer{height:100%}.e-con-inner>.elementor-widget-spacer>.elementor-widget-container>.elementor-spacer>.elementor-spacer-inner,.e-con>.elementor-widget-spacer>.elementor-widget-container>.elementor-spacer>.elementor-spacer-inner{height:var(--container-widget-height,var(--spacer-size))}.e-con-inner>.elementor-widget-spacer.elementor-widget-empty,.e-con>.elementor-widget-spacer.elementor-widget-empty{position:relative;min-height:22px;min-width:22px}.e-con-inner>.elementor-widget-spacer.elementor-widget-empty .elementor-widget-empty-icon,.e-con>.elementor-widget-spacer.elementor-widget-empty .elementor-widget-empty-icon{position:absolute;top:0;bottom:0;left:0;right:0;margin:auto;padding:0;width:22px;height:22px}<\/style>\t\t<div class=\"elementor-spacer\">\n\t\t\t<div class=\"elementor-spacer-inner\"><\/div>\n\t\t<\/div>\n\t\t\t\t<\/div>\n\t\t\t\t<\/div>\n\t\t\t\t<div class=\"elementor-element elementor-element-94250a1 elementor-widget elementor-widget-heading\" data-id=\"94250a1\" data-element_type=\"widget\" data-widget_type=\"heading.default\">\n\t\t\t\t<div class=\"elementor-widget-container\">\n\t\t\t<style>\/*! elementor - v3.21.0 - 08-05-2024 *\/\n.elementor-heading-title{padding:0;margin:0;line-height:1}.elementor-widget-heading .elementor-heading-title[class*=elementor-size-]>a{color:inherit;font-size:inherit;line-height:inherit}.elementor-widget-heading .elementor-heading-title.elementor-size-small{font-size:15px}.elementor-widget-heading .elementor-heading-title.elementor-size-medium{font-size:19px}.elementor-widget-heading .elementor-heading-title.elementor-size-large{font-size:29px}.elementor-widget-heading .elementor-heading-title.elementor-size-xl{font-size:39px}.elementor-widget-heading .elementor-heading-title.elementor-size-xxl{font-size:59px}<\/style><h1 class=\"elementor-heading-title elementor-size-default\">Informaci\u00f3n<\/h1>\t\t<\/div>\n\t\t\t\t<\/div>\n\t\t\t\t<div class=\"elementor-element elementor-element-204e2ff elementor-widget elementor-widget-text-editor\" data-id=\"204e2ff\" data-element_type=\"widget\" data-widget_type=\"text-editor.default\">\n\t\t\t\t<div class=\"elementor-widget-container\">\n\t\t\t<style>\/*! elementor - v3.21.0 - 08-05-2024 *\/\n.elementor-widget-text-editor.elementor-drop-cap-view-stacked .elementor-drop-cap{background-color:#69727d;color:#fff}.elementor-widget-text-editor.elementor-drop-cap-view-framed .elementor-drop-cap{color:#69727d;border:3px solid;background-color:transparent}.elementor-widget-text-editor:not(.elementor-drop-cap-view-default) .elementor-drop-cap{margin-top:8px}.elementor-widget-text-editor:not(.elementor-drop-cap-view-default) .elementor-drop-cap-letter{width:1em;height:1em}.elementor-widget-text-editor .elementor-drop-cap{float:left;text-align:center;line-height:1;font-size:50px}.elementor-widget-text-editor .elementor-drop-cap-letter{display:inline-block}<\/style>\t\t\t\t<p>Sum\u00e9rjase en nuestra amplia cobertura de estrategias fiscales, consejos fiscales, pr\u00e1cticas contables y de contabilidad financiera, junto con estrategias financieras e informaci\u00f3n sobre fusiones y adquisiciones. Cubrimos todo lo que los l\u00edderes empresariales, emprendedores e inversores necesitan para tener \u00e9xito.<\/p>\n\t\t\t\t\t\t<\/div>\n\t\t\t\t<\/div>\n\t\t\t\t\t<\/div>\n\t\t<\/div>\n\t\t\t\t\t<\/div>\n\t\t<\/section>\n\t\t\t\t<section data-particle_enable=\"false\" data-particle-mobile-disabled=\"false\" class=\"elementor-section elementor-top-section elementor-element elementor-element-8795e57 elementor-section-boxed elementor-section-height-default elementor-section-height-default\" data-id=\"8795e57\" data-element_type=\"section\" data-settings=\"{&quot;background_background&quot;:&quot;classic&quot;}\">\n\t\t\t\t\t\t<div class=\"elementor-container elementor-column-gap-default\">\n\t\t\t\t\t<div class=\"elementor-column elementor-col-100 elementor-top-column elementor-element elementor-element-0bf5304\" data-id=\"0bf5304\" data-element_type=\"column\">\n\t\t\t<div class=\"elementor-widget-wrap elementor-element-populated\">\n\t\t\t\t\t\t<div class=\"elementor-element elementor-element-d99bd80 elementor-widget elementor-widget-eael-advanced-search\" data-id=\"d99bd80\" data-element_type=\"widget\" data-widget_type=\"eael-advanced-search.default\">\n\t\t\t\t<div class=\"elementor-widget-container\">\n\t\t\t        <div class=\"eael-adv-search-wrapper\">\n            <div id=\"eael-advanced-search-widget-d99bd80\" class=\"eael-advanced-search-widget\">\n                <form data-settings=\"{&quot;post_per_page&quot;:&quot;5&quot;,&quot;current_post_id&quot;:1842,&quot;show_popular_keyword&quot;:1,&quot;show_category&quot;:0,&quot;show_content_image&quot;:1,&quot;show_search_result_all_results&quot;:1,&quot;show_popular_keyword_rank&quot;:5,&quot;show_popular_keyword_rank_length&quot;:4,&quot;total_number_of_popular_search&quot;:5,&quot;post_type&quot;:[&quot;post&quot;]}\" method=\"POST\" name=\"eael-advanced-search-form-d99bd80\" class=\"eael-advanced-search-form eael-advanced-search-form-style-1\">\n                    <div class=\"eael-advanced-search-wrap\">\n                        <span class=\"eael-adv-search-loader\"><\/span>\n                        <span class=\"eael-adv-search-close\"><i class=\"fas fa-times\"><\/i><\/span>\n                        <span class=\"icon \"><i class=\"fas fa-search\"><\/i><\/span>\n\n                        <input type=\"text\"\n                               placeholder=\"Ingrese palabra clave de b\u00fasqueda\"\n                               class=\"eael-advanced-search\" autocomplete=\"off\" name=\"eael_advanced_search\">\n                    <\/div>\n\t\t\t\t\t                    <button class=\"eael-advanced-search-button\">Buscar<\/button>\n                <\/form>\n\n\t\t\t\t\n\n\n\t\t\t\t        <div class=\"eael-advanced-search-result\">\n            <div class=\"eael-advanced-search-popular-keyword\">\n\t\t\t\t                    <h4 class=\"eael-advanced-search-popular-keyword-text\">Palabras clave populares<\/h4>\n                                <div class=\"eael-popular-keyword-content\"><\/div>\n            <\/div>\n            <div class=\"eael-advanced-search-category\">\n\t\t\t\t                    <h4 class=\"eael-advanced-search-category-text\">Categor\u00edas<\/h4>\n                                <div class=\"eael-popular-category-content\"><\/div>\n            <\/div>\n\t\t\t<div class=\"eael-advanced-search-total-results-section\">\n\t\t\t\t\t\t\t\t<p class=\"eael-advanced-search-total-results-wrap\">\n\t\t\t\t\tResultados <span class=\"eael-advanced-search-total-results-count\"><\/span> Totales\t\t\t\t<\/p>\n\t\t\t\t\t\t\t<\/div>\n            <div class=\"eael-advanced-search-content eael-item-style-1\">\n            <\/div>\n            <div class=\"eael-advanced-search-not-found\">\n                <p>No se encontraron registros<\/p><\/div>\n            <div class=\"eael-advanced-search-load-more\">\n\t\t\t\t<a \tclass=\"eael-advanced-search-load-more-button\"\n                \thref=\"#\">Ver Todos los Resultados<\/a>\n            <\/div>\n        <\/div>\n\n\t\t            <\/div>\n        <\/div>\n\n\t\t\t\t<\/div>\n\t\t\t\t<\/div>\n\t\t\t\t<div class=\"elementor-element elementor-element-c88c430 elementor-widget elementor-widget-eael-post-timeline\" data-id=\"c88c430\" data-element_type=\"widget\" data-widget_type=\"eael-post-timeline.default\">\n\t\t\t\t<div class=\"elementor-widget-container\">\n\t\t\t<div id=\"eael-post-timeline-c88c430\" class=\"eael-post-timeline timeline-layout-default eael-post-timeline-arrow-\">\n            <div class=\"eael-post-timeline eael-post-appender eael-post-appender-c88c430\"><p class=\"no-posts-found\">\u00a1No se han encontrado publicaciones!<\/p><\/div>\n\t\t<\/div>\t\t<\/div>\n\t\t\t\t<\/div>\n\t\t\t\t\t<\/div>\n\t\t<\/div>\n\t\t\t\t\t<\/div>\n\t\t<\/section>\n\t\t\t\t<\/div>\n\t\t","protected":false},"excerpt":{"rendered":"<p>Informaci\u00f3n Sum\u00e9rjase en nuestra amplia cobertura de estrategias fiscales, consejos fiscales, pr\u00e1cticas contables y de contabilidad financiera, junto con estrategias financieras e informaci\u00f3n sobre fusiones y adquisiciones. Cubrimos todo lo que los l\u00edderes empresariales, emprendedores e inversores necesitan para tener \u00e9xito. Buscar Palabras clave populares Categor\u00edas Resultados Totales No se encontraron registros Ver Todos los [&hellip;]<\/p>\n","protected":false},"author":1,"featured_media":0,"parent":0,"menu_order":0,"comment_status":"closed","ping_status":"closed","template":"","meta":{"site-sidebar-layout":"no-sidebar","site-content-layout":"page-builder","ast-site-content-layout":"","site-content-style":"default","site-sidebar-style":"default","ast-global-header-display":"","ast-banner-title-visibility":"","ast-main-header-display":"","ast-hfb-above-header-display":"","ast-hfb-below-header-display":"","ast-hfb-mobile-header-display":"","site-post-title":"disabled","ast-breadcrumbs-content":"","ast-featured-img":"disabled","footer-sml-layout":"","theme-transparent-header-meta":"","adv-header-id-meta":"","stick-header-meta":"","header-above-stick-meta":"","header-main-stick-meta":"","header-below-stick-meta":"","astra-migrate-meta-layouts":"default","ast-page-background-enabled":"default","ast-page-background-meta":{"desktop":{"background-color":"var(--ast-global-color-4)","background-image":"","background-repeat":"repeat","background-position":"center center","background-size":"auto","background-attachment":"scroll","background-type":"","background-media":"","overlay-type":"","overlay-color":"","overlay-gradient":""},"tablet":{"background-color":"","background-image":"","background-repeat":"repeat","background-position":"center center","background-size":"auto","background-attachment":"scroll","background-type":"","background-media":"","overlay-type":"","overlay-color":"","overlay-gradient":""},"mobile":{"background-color":"","background-image":"","background-repeat":"repeat","background-position":"center center","background-size":"auto","background-attachment":"scroll","background-type":"","background-media":"","overlay-type":"","overlay-color":"","overlay-gradient":""}},"ast-content-background-meta":{"desktop":{"background-color":"var(--ast-global-color-5)","background-image":"","background-repeat":"repeat","background-position":"center center","background-size":"auto","background-attachment":"scroll","background-type":"","background-media":"","overlay-type":"","overlay-color":"","overlay-gradient":""},"tablet":{"background-color":"var(--ast-global-color-5)","background-image":"","background-repeat":"repeat","background-position":"center center","background-size":"auto","background-attachment":"scroll","background-type":"","background-media":"","overlay-type":"","overlay-color":"","overlay-gradient":""},"mobile":{"background-color":"var(--ast-global-color-5)","background-image":"","background-repeat":"repeat","background-position":"center center","background-size":"auto","background-attachment":"scroll","background-type":"","background-media":"","overlay-type":"","overlay-color":"","overlay-gradient":""}},"footnotes":""},"class_list":["post-1842","page","type-page","status-publish","hentry"],"yoast_head":"<!-- This site is optimized with the Yoast SEO plugin v25.3.1 - https:\/\/yoast.com\/wordpress\/plugins\/seo\/ -->\n<title>Informaci\u00f3n<\/title>\n<meta name=\"description\" content=\"Informaci\u00f3n de JG CPA &amp; Advisory, consejos, estrategias o puntos importantes m\u00e1s recientes. Aqui para ayudar.\" \/>\n<meta name=\"robots\" content=\"index, follow, max-snippet:-1, max-image-preview:large, max-video-preview:-1\" \/>\n<link rel=\"canonical\" href=\"https:\/\/jgadvisorycpa.com\/es\/informacion\/\" \/>\n<meta property=\"og:locale\" content=\"es_ES\" \/>\n<meta property=\"og:type\" content=\"article\" \/>\n<meta property=\"og:title\" content=\"Informaci\u00f3n\" \/>\n<meta property=\"og:description\" content=\"Informaci\u00f3n de JG CPA &amp; Advisory, consejos, estrategias o puntos importantes m\u00e1s recientes. Aqui para ayudar.\" \/>\n<meta property=\"og:url\" content=\"https:\/\/jgadvisorycpa.com\/es\/informacion\/\" \/>\n<meta property=\"og:site_name\" content=\"JG CPA &amp; Advisory\" \/>\n<meta property=\"article:publisher\" content=\"https:\/\/www.facebook.com\/jgadvisorycpa\" \/>\n<meta property=\"article:modified_time\" content=\"2023-11-16T19:04:51+00:00\" \/>\n<meta property=\"og:image\" content=\"https:\/\/jgadvisorycpa.com\/wp-content\/uploads\/2023\/08\/JG-LOGO.png\" \/>\n\t<meta property=\"og:image:width\" content=\"257\" \/>\n\t<meta property=\"og:image:height\" content=\"235\" \/>\n\t<meta property=\"og:image:type\" content=\"image\/png\" \/>\n<meta name=\"twitter:card\" content=\"summary_large_image\" \/>\n<meta name=\"twitter:title\" content=\"Informaci\u00f3n\" \/>\n<meta name=\"twitter:description\" content=\"Informaci\u00f3n de JG CPA &amp; Advisory, consejos, estrategias o puntos importantes m\u00e1s recientes. Aqui para ayudar.\" \/>\n<meta name=\"twitter:site\" content=\"@jgadvisorycpa\" \/>\n<script type=\"application\/ld+json\" class=\"yoast-schema-graph\">{\"@context\":\"https:\/\/schema.org\",\"@graph\":[{\"@type\":\"WebPage\",\"@id\":\"https:\/\/jgadvisorycpa.com\/es\/informacion\/\",\"url\":\"https:\/\/jgadvisorycpa.com\/es\/informacion\/\",\"name\":\"Informaci\u00f3n\",\"isPartOf\":{\"@id\":\"https:\/\/jgadvisorycpa.com\/#website\"},\"datePublished\":\"2023-08-22T21:45:28+00:00\",\"dateModified\":\"2023-11-16T19:04:51+00:00\",\"description\":\"Informaci\u00f3n de JG CPA & Advisory, consejos, estrategias o puntos importantes m\u00e1s recientes. Aqui para ayudar.\",\"breadcrumb\":{\"@id\":\"https:\/\/jgadvisorycpa.com\/es\/informacion\/#breadcrumb\"},\"inLanguage\":\"es\",\"potentialAction\":[{\"@type\":\"ReadAction\",\"target\":[\"https:\/\/jgadvisorycpa.com\/es\/informacion\/\"]}]},{\"@type\":\"BreadcrumbList\",\"@id\":\"https:\/\/jgadvisorycpa.com\/es\/informacion\/#breadcrumb\",\"itemListElement\":[{\"@type\":\"ListItem\",\"position\":1,\"name\":\"Home\",\"item\":\"https:\/\/jgadvisorycpa.com\/es\/\"},{\"@type\":\"ListItem\",\"position\":2,\"name\":\"Informaci\u00f3n\"}]},{\"@type\":\"WebSite\",\"@id\":\"https:\/\/jgadvisorycpa.com\/#website\",\"url\":\"https:\/\/jgadvisorycpa.com\/\",\"name\":\"JG CPA & Advisory\",\"description\":\"Tax, Accounting, Bookkeeping, Fractional CFO, Business Advisory, &amp; Real Estate Tax\",\"publisher\":{\"@id\":\"https:\/\/jgadvisorycpa.com\/#organization\"},\"potentialAction\":[{\"@type\":\"SearchAction\",\"target\":{\"@type\":\"EntryPoint\",\"urlTemplate\":\"https:\/\/jgadvisorycpa.com\/?s={search_term_string}\"},\"query-input\":{\"@type\":\"PropertyValueSpecification\",\"valueRequired\":true,\"valueName\":\"search_term_string\"}}],\"inLanguage\":\"es\"},{\"@type\":\"Organization\",\"@id\":\"https:\/\/jgadvisorycpa.com\/#organization\",\"name\":\"JG CPA & Advisory\",\"url\":\"https:\/\/jgadvisorycpa.com\/\",\"logo\":{\"@type\":\"ImageObject\",\"inLanguage\":\"es\",\"@id\":\"https:\/\/jgadvisorycpa.com\/#\/schema\/logo\/image\/\",\"url\":\"https:\/\/jgadvisorycpa.com\/wp-content\/uploads\/2023\/08\/JG-LOGO.png\",\"contentUrl\":\"https:\/\/jgadvisorycpa.com\/wp-content\/uploads\/2023\/08\/JG-LOGO.png\",\"width\":257,\"height\":235,\"caption\":\"JG CPA & Advisory\"},\"image\":{\"@id\":\"https:\/\/jgadvisorycpa.com\/#\/schema\/logo\/image\/\"},\"sameAs\":[\"https:\/\/www.facebook.com\/jgadvisorycpa\",\"https:\/\/x.com\/jgadvisorycpa\"]}]}<\/script>\n<!-- \/ Yoast SEO plugin. -->","yoast_head_json":{"title":"Informaci\u00f3n","description":"Informaci\u00f3n de JG CPA & Advisory, consejos, estrategias o puntos importantes m\u00e1s recientes. Aqui para ayudar.","robots":{"index":"index","follow":"follow","max-snippet":"max-snippet:-1","max-image-preview":"max-image-preview:large","max-video-preview":"max-video-preview:-1"},"canonical":"https:\/\/jgadvisorycpa.com\/es\/informacion\/","og_locale":"es_ES","og_type":"article","og_title":"Informaci\u00f3n","og_description":"Informaci\u00f3n de JG CPA & Advisory, consejos, estrategias o puntos importantes m\u00e1s recientes. Aqui para ayudar.","og_url":"https:\/\/jgadvisorycpa.com\/es\/informacion\/","og_site_name":"JG CPA &amp; Advisory","article_publisher":"https:\/\/www.facebook.com\/jgadvisorycpa","article_modified_time":"2023-11-16T19:04:51+00:00","og_image":[{"width":257,"height":235,"url":"https:\/\/jgadvisorycpa.com\/wp-content\/uploads\/2023\/08\/JG-LOGO.png","type":"image\/png"}],"twitter_card":"summary_large_image","twitter_title":"Informaci\u00f3n","twitter_description":"Informaci\u00f3n de JG CPA & Advisory, consejos, estrategias o puntos importantes m\u00e1s recientes. Aqui para ayudar.","twitter_site":"@jgadvisorycpa","schema":{"@context":"https:\/\/schema.org","@graph":[{"@type":"WebPage","@id":"https:\/\/jgadvisorycpa.com\/es\/informacion\/","url":"https:\/\/jgadvisorycpa.com\/es\/informacion\/","name":"Informaci\u00f3n","isPartOf":{"@id":"https:\/\/jgadvisorycpa.com\/#website"},"datePublished":"2023-08-22T21:45:28+00:00","dateModified":"2023-11-16T19:04:51+00:00","description":"Informaci\u00f3n de JG CPA & Advisory, consejos, estrategias o puntos importantes m\u00e1s recientes. Aqui para ayudar.","breadcrumb":{"@id":"https:\/\/jgadvisorycpa.com\/es\/informacion\/#breadcrumb"},"inLanguage":"es","potentialAction":[{"@type":"ReadAction","target":["https:\/\/jgadvisorycpa.com\/es\/informacion\/"]}]},{"@type":"BreadcrumbList","@id":"https:\/\/jgadvisorycpa.com\/es\/informacion\/#breadcrumb","itemListElement":[{"@type":"ListItem","position":1,"name":"Home","item":"https:\/\/jgadvisorycpa.com\/es\/"},{"@type":"ListItem","position":2,"name":"Informaci\u00f3n"}]},{"@type":"WebSite","@id":"https:\/\/jgadvisorycpa.com\/#website","url":"https:\/\/jgadvisorycpa.com\/","name":"JG CPA & Advisory","description":"Tax, Accounting, Bookkeeping, Fractional CFO, Business Advisory, &amp; Real Estate Tax","publisher":{"@id":"https:\/\/jgadvisorycpa.com\/#organization"},"potentialAction":[{"@type":"SearchAction","target":{"@type":"EntryPoint","urlTemplate":"https:\/\/jgadvisorycpa.com\/?s={search_term_string}"},"query-input":{"@type":"PropertyValueSpecification","valueRequired":true,"valueName":"search_term_string"}}],"inLanguage":"es"},{"@type":"Organization","@id":"https:\/\/jgadvisorycpa.com\/#organization","name":"JG CPA & Advisory","url":"https:\/\/jgadvisorycpa.com\/","logo":{"@type":"ImageObject","inLanguage":"es","@id":"https:\/\/jgadvisorycpa.com\/#\/schema\/logo\/image\/","url":"https:\/\/jgadvisorycpa.com\/wp-content\/uploads\/2023\/08\/JG-LOGO.png","contentUrl":"https:\/\/jgadvisorycpa.com\/wp-content\/uploads\/2023\/08\/JG-LOGO.png","width":257,"height":235,"caption":"JG CPA & Advisory"},"image":{"@id":"https:\/\/jgadvisorycpa.com\/#\/schema\/logo\/image\/"},"sameAs":["https:\/\/www.facebook.com\/jgadvisorycpa","https:\/\/x.com\/jgadvisorycpa"]}]}},"_links":{"self":[{"href":"https:\/\/jgadvisorycpa.com\/es\/wp-json\/wp\/v2\/pages\/1842","targetHints":{"allow":["GET"]}}],"collection":[{"href":"https:\/\/jgadvisorycpa.com\/es\/wp-json\/wp\/v2\/pages"}],"about":[{"href":"https:\/\/jgadvisorycpa.com\/es\/wp-json\/wp\/v2\/types\/page"}],"author":[{"embeddable":true,"href":"https:\/\/jgadvisorycpa.com\/es\/wp-json\/wp\/v2\/users\/1"}],"replies":[{"embeddable":true,"href":"https:\/\/jgadvisorycpa.com\/es\/wp-json\/wp\/v2\/comments?post=1842"}],"version-history":[{"count":0,"href":"https:\/\/jgadvisorycpa.com\/es\/wp-json\/wp\/v2\/pages\/1842\/revisions"}],"wp:attachment":[{"href":"https:\/\/jgadvisorycpa.com\/es\/wp-json\/wp\/v2\/media?parent=1842"}],"curies":[{"name":"wp","href":"https:\/\/api.w.org\/{rel}","templated":true}]}}